{"id":6,"date":"2022-05-09T07:03:52","date_gmt":"2022-05-09T07:03:52","guid":{"rendered":"https:\/\/planetarygearreducer.top\/?page_id=6"},"modified":"2022-07-01T09:00:12","modified_gmt":"2022-07-01T09:00:12","slug":"contact-us","status":"publish","type":"page","link":"https:\/\/planetarygearreducer.top\/de\/contact-us\/","title":{"rendered":"Kontaktieren Sie uns"},"content":{"rendered":"<h1 class=\"entry-title main_title\">Planetengetriebe<\/h1>\n<div class=\"entry-content\">\n<div class=\"entry-content\">\n<p>Als einer der Hersteller, Lieferanten und Exporteure von Planetengetrieben und mechanischen Produkten bieten wir Planetengetriebe und viele weitere Produkte an.<\/p>\n<p>F\u00fcr weitere Informationen kontaktieren Sie uns bitte.<\/p>\n<p><strong>E-Mail:<a href=\"mailto:sales@planetarygearreducer.top\">sales@planetarygearreducer.top<\/a><br \/>\n<\/strong><\/p>\n<p>Hersteller, Lieferant und Exporteur von Planetengetrieben.<\/p>\n<p>&nbsp;<\/p>\n<div class=\"entry-content\">\n<p>Wir sind spezialisiert auf die Herstellung von Landwirtschaftsgetrieben, Zapfwellen, Kettenr\u00e4dern, Fl\u00fcssigkeitskupplungen, Schneckengetrieben, Zahnr\u00e4dern und Zahnstangen, Rollenketten, Riemenscheiben, Planetengetrieben, Zahnriemenscheiben, Wellenringen und mehr.<\/p>\n<p>Wir exportieren unsere Produkte an Kunden weltweit und haben uns aufgrund unserer \u00fcberlegenen Produktqualit\u00e4t und unseres Kundendienstes einen guten Ruf erworben.<\/p>\n<p>Wir hei\u00dfen Kunden im In- und Ausland herzlich willkommen, mit uns Kontakt aufzunehmen, um \u00fcber Gesch\u00e4fte zu verhandeln, Informationen auszutauschen und mit uns zusammenzuarbeiten.<\/p>\n<\/div>\n<\/div>\n<\/div>","protected":false},"excerpt":{"rendered":"<p>Planetary gear reducer As one of the planetary gear reducer manufacturers, suppliers, and exporters of mechanical products, We offer planetary gear reducer and many other products. Please get in touch with us for details. Mail:sales@planetarygearreducer.top Manufacturer supplier exporter of planetary gear reducer. &nbsp; We specialize in the production of Agricultural Gearbox, PTO Shafts, Sprockets, Fluid [&hellip;]<\/p>","protected":false},"author":1,"featured_media":0,"parent":0,"menu_order":0,"comment_status":"closed","ping_status":"closed","template":"","meta":{"_et_pb_use_builder":"","_et_pb_old_content":"","_et_gb_content_width":""},"class_list":["post-6","page","type-page","status-publish","hentry"],"_links":{"self":[{"href":"https:\/\/planetarygearreducer.top\/de\/wp-json\/wp\/v2\/pages\/6","targetHints":{"allow":["GET"]}}],"collection":[{"href":"https:\/\/planetarygearreducer.top\/de\/wp-json\/wp\/v2\/pages"}],"about":[{"href":"https:\/\/planetarygearreducer.top\/de\/wp-json\/wp\/v2\/types\/page"}],"author":[{"embeddable":true,"href":"https:\/\/planetarygearreducer.top\/de\/wp-json\/wp\/v2\/users\/1"}],"replies":[{"embeddable":true,"href":"https:\/\/planetarygearreducer.top\/de\/wp-json\/wp\/v2\/comments?post=6"}],"version-history":[{"count":0,"href":"https:\/\/planetarygearreducer.top\/de\/wp-json\/wp\/v2\/pages\/6\/revisions"}],"wp:attachment":[{"href":"https:\/\/planetarygearreducer.top\/de\/wp-json\/wp\/v2\/media?parent=6"}],"curies":[{"name":"wp","href":"https:\/\/api.w.org\/{rel}","templated":true}]}}