{"id":6,"date":"2022-05-09T07:03:52","date_gmt":"2022-05-09T07:03:52","guid":{"rendered":"https:\/\/planetarygearreducer.top\/?page_id=6"},"modified":"2022-07-01T09:00:12","modified_gmt":"2022-07-01T09:00:12","slug":"contact-us","status":"publish","type":"page","link":"https:\/\/planetarygearreducer.top\/es\/contact-us\/","title":{"rendered":"Cont\u00e1ctanos"},"content":{"rendered":"<h1 class=\"entry-title main_title\">Reductor de engranajes planetarios<\/h1>\n<div class=\"entry-content\">\n<div class=\"entry-content\">\n<p>Como fabricantes, proveedores y exportadores de reductores de engranajes planetarios y productos mec\u00e1nicos, ofrecemos reductores de engranajes planetarios y muchos otros productos.<\/p>\n<p>P\u00f3ngase en contacto con nosotros para obtener m\u00e1s detalles.<\/p>\n<p><strong>Correo:<a href=\"mailto:sales@planetarygearreducer.top\">ventas@reductordeengranajesplanetarios.top<\/a><br \/>\n<\/strong><\/p>\n<p>Fabricante, proveedor y exportador de reductores de engranajes planetarios.<\/p>\n<p>&nbsp;<\/p>\n<div class=\"entry-content\">\n<p>Nos especializamos en la producci\u00f3n de cajas de cambios agr\u00edcolas, ejes de toma de fuerza, ruedas dentadas, acoplamientos hidr\u00e1ulicos, reductores de engranajes helicoidales, engranajes y cremalleras, cadenas de rodillos, poleas, cajas de cambios planetarias, poleas de distribuci\u00f3n, collares de eje y m\u00e1s.<\/p>\n<p>Hemos exportado nuestros productos a clientes de todo el mundo y nos hemos ganado una buena reputaci\u00f3n gracias a la calidad superior de nuestros productos y a nuestro servicio postventa.<\/p>\n<p>Damos una cordial bienvenida a clientes tanto nacionales como extranjeros para que se pongan en contacto con nosotros con el fin de negociar negocios, intercambiar informaci\u00f3n y cooperar con nosotros.<\/p>\n<\/div>\n<\/div>\n<\/div>","protected":false},"excerpt":{"rendered":"<p>Planetary gear reducer As one of the planetary gear reducer manufacturers, suppliers, and exporters of mechanical products, We offer planetary gear reducer and many other products. Please get in touch with us for details. Mail:sales@planetarygearreducer.top Manufacturer supplier exporter of planetary gear reducer. &nbsp; We specialize in the production of Agricultural Gearbox, PTO Shafts, Sprockets, Fluid [&hellip;]<\/p>","protected":false},"author":1,"featured_media":0,"parent":0,"menu_order":0,"comment_status":"closed","ping_status":"closed","template":"","meta":{"_et_pb_use_builder":"","_et_pb_old_content":"","_et_gb_content_width":""},"class_list":["post-6","page","type-page","status-publish","hentry"],"_links":{"self":[{"href":"https:\/\/planetarygearreducer.top\/es\/wp-json\/wp\/v2\/pages\/6","targetHints":{"allow":["GET"]}}],"collection":[{"href":"https:\/\/planetarygearreducer.top\/es\/wp-json\/wp\/v2\/pages"}],"about":[{"href":"https:\/\/planetarygearreducer.top\/es\/wp-json\/wp\/v2\/types\/page"}],"author":[{"embeddable":true,"href":"https:\/\/planetarygearreducer.top\/es\/wp-json\/wp\/v2\/users\/1"}],"replies":[{"embeddable":true,"href":"https:\/\/planetarygearreducer.top\/es\/wp-json\/wp\/v2\/comments?post=6"}],"version-history":[{"count":0,"href":"https:\/\/planetarygearreducer.top\/es\/wp-json\/wp\/v2\/pages\/6\/revisions"}],"wp:attachment":[{"href":"https:\/\/planetarygearreducer.top\/es\/wp-json\/wp\/v2\/media?parent=6"}],"curies":[{"name":"wp","href":"https:\/\/api.w.org\/{rel}","templated":true}]}}