{"id":1086,"date":"2025-11-11T01:43:38","date_gmt":"2025-11-11T01:43:38","guid":{"rendered":"https:\/\/planetarygearreducer.top\/cart\/"},"modified":"2025-11-12T06:08:57","modified_gmt":"2025-11-12T06:08:57","slug":"cart","status":"publish","type":"page","link":"https:\/\/planetarygearreducer.top\/fr\/cart\/","title":{"rendered":"Cart"},"content":{"rendered":"<div data-block-name=\"woocommerce\/cart\" class=\"wp-block-woocommerce-cart alignwide is-loading\">\n<div data-block-name=\"woocommerce\/filled-cart-block\" class=\"wp-block-woocommerce-filled-cart-block\">\n<div data-block-name=\"woocommerce\/cart-items-block\" class=\"wp-block-woocommerce-cart-items-block\">\n<div data-block-name=\"woocommerce\/cart-line-items-block\" class=\"wp-block-woocommerce-cart-line-items-block\"><\/div>\n\n\n<\/div>\n\n\n\n\n<div data-block-name=\"woocommerce\/cart-totals-block\" class=\"wp-block-woocommerce-cart-totals-block\">\n<div data-block-name=\"woocommerce\/cart-order-summary-block\" class=\"wp-block-woocommerce-cart-order-summary-block\">\n<div data-block-name=\"woocommerce\/cart-order-summary-heading-block\" class=\"wp-block-woocommerce-cart-order-summary-heading-block\"><\/div><div data-block-name=\"woocommerce\/cart-order-summary-coupon-form-block\" class=\"wp-block-woocommerce-cart-order-summary-coupon-form-block\"><\/div><div data-block-name=\"woocommerce\/cart-order-summary-totals-block\" class=\"wp-block-woocommerce-cart-order-summary-totals-block\">\n<div data-block-name=\"woocommerce\/cart-order-summary-subtotal-block\" class=\"wp-block-woocommerce-cart-order-summary-subtotal-block\"><\/div>\n<div data-block-name=\"woocommerce\/cart-order-summary-discount-block\" class=\"wp-block-woocommerce-cart-order-summary-discount-block\"><\/div>\n<div data-block-name=\"woocommerce\/cart-order-summary-fee-block\" class=\"wp-block-woocommerce-cart-order-summary-fee-block\"><\/div>\n<div data-block-name=\"woocommerce\/cart-order-summary-shipping-block\" class=\"wp-block-woocommerce-cart-order-summary-shipping-block\"><\/div>\n<div data-block-name=\"woocommerce\/cart-order-summary-taxes-block\" class=\"wp-block-woocommerce-cart-order-summary-taxes-block\"><\/div><\/div>\n<\/div>\n\n\n\n<div data-block-name=\"woocommerce\/cart-express-payment-block\" class=\"wp-block-woocommerce-cart-express-payment-block\"><\/div>\n\n\n\n<div data-block-name=\"woocommerce\/proceed-to-checkout-block\" class=\"wp-block-woocommerce-proceed-to-checkout-block\"><\/div>\n\n\n\n<div data-block-name=\"woocommerce\/cart-accepted-payment-methods-block\" class=\"wp-block-woocommerce-cart-accepted-payment-methods-block\"><\/div>\n<\/div>\n<\/div>\n\n\n\n<div data-block-name=\"woocommerce\/empty-cart-block\" class=\"wp-block-woocommerce-empty-cart-block\">\n<h2 class=\"wp-block-heading has-text-align-center with-empty-cart-icon wc-block-cart__empty-cart__title\">Your cart is currently empty!<\/h2>\n\n\n\n<hr class=\"wp-block-separator has-alpha-channel-opacity is-style-dots\"\/>\n\n\n\n<h2 class=\"wp-block-heading has-text-align-center\">New in store<\/h2>\n\n\n<div data-block-name=\"woocommerce\/product-new\" data-columns=\"4\" data-rows=\"1\" class=\"wc-block-grid wp-block-product-new wp-block-woocommerce-product-new wc-block-product-new has-4-columns\"><ul class=\"wc-block-grid__products\"><li class=\"wc-block-grid__product\">\n\t\t\t\t<a href=\"https:\/\/planetarygearreducer.top\/fr\/product\/slewing-drive-planetary-gear-reducer-replacement-of-dinamic-oil-gb21000\/\" class=\"wc-block-grid__product-link\">\n\t\t\t\t\t\n\t\t\t\t\t<div class=\"wc-block-grid__product-image\"><img loading=\"lazy\" decoding=\"async\" width=\"300\" height=\"300\" src=\"https:\/\/planetarygearreducer.top\/wp-content\/uploads\/2025\/11\/Slewing-Drive-Planetary-Gear-Reducer-Replacement-of-Dinamic-Oil-GB21000-e1762934386370-300x300.webp\" class=\"attachment-woocommerce_thumbnail size-woocommerce_thumbnail\" alt=\"R\u00e9ducteur plan\u00e9taire \u00e0 entra\u00eenement de rotation - Remplacement de l&#039;huile Dynamic GB21000\" \/><\/div>\n\t\t\t\t\t<div class=\"wc-block-grid__product-title\">R\u00e9ducteur plan\u00e9taire \u00e0 entra\u00eenement de rotation \u2013 Remplacement de l'huile Dynamic GB21000<\/div>\n\t\t\t\t<\/a>\n\t\t\t\t<div class=\"wc-block-grid__product-price price\"><\/div>\n\t\t\t\t\n\t\t\t\t<div class=\"wp-block-button wc-block-grid__product-add-to-cart\"><a href=\"https:\/\/planetarygearreducer.top\/fr\/product\/slewing-drive-planetary-gear-reducer-replacement-of-dinamic-oil-gb21000\/\" aria-label=\"Read more about \u201cSlewing Drive Planetary Gear Reducer - Replacement of Dinamic Oil GB21000\u201d\" data-quantity=\"1\" data-product_id=\"1391\" data-product_sku=\"\" data-price=\"0\" rel=\"nofollow\" class=\"wp-block-button__link  add_to_cart_button\" data-no-translation=\"\" data-trp-gettext=\"\" data-no-translation-aria-label=\"\">Read more<\/a><\/div>\n\t\t\t<\/li><li class=\"wc-block-grid__product\">\n\t\t\t\t<a href=\"https:\/\/planetarygearreducer.top\/fr\/product\/track-drive-planetary-gear-reducer-replacement-of-dinamic-oil-eh33000sc\/\" class=\"wc-block-grid__product-link\">\n\t\t\t\t\t\n\t\t\t\t\t<div class=\"wc-block-grid__product-image\"><img loading=\"lazy\" decoding=\"async\" width=\"300\" height=\"300\" src=\"https:\/\/planetarygearreducer.top\/wp-content\/uploads\/2025\/11\/Track-Drive-Gearbox-300x300.webp\" class=\"attachment-woocommerce_thumbnail size-woocommerce_thumbnail\" alt=\"R\u00e9ducteur plan\u00e9taire \u00e0 entra\u00eenement par chenilles - Remplacement de l&#039;huile Dynamic EH33000SC\" srcset=\"https:\/\/planetarygearreducer.top\/wp-content\/uploads\/2025\/11\/Track-Drive-Gearbox-300x300.webp 300w, https:\/\/planetarygearreducer.top\/wp-content\/uploads\/2025\/11\/Track-Drive-Gearbox-150x150.webp 150w, https:\/\/planetarygearreducer.top\/wp-content\/uploads\/2025\/11\/Track-Drive-Gearbox-100x100.webp 100w, https:\/\/planetarygearreducer.top\/wp-content\/uploads\/2025\/11\/Track-Drive-Gearbox.webp 350w\" sizes=\"auto, (max-width: 300px) 100vw, 300px\" \/><\/div>\n\t\t\t\t\t<div class=\"wc-block-grid__product-title\">R\u00e9ducteur plan\u00e9taire \u00e0 entra\u00eenement par chenilles \u2013 Remplacement de l'huile Dynamic EH33000SC<\/div>\n\t\t\t\t<\/a>\n\t\t\t\t<div class=\"wc-block-grid__product-price price\"><\/div>\n\t\t\t\t\n\t\t\t\t<div class=\"wp-block-button wc-block-grid__product-add-to-cart\"><a href=\"https:\/\/planetarygearreducer.top\/fr\/product\/track-drive-planetary-gear-reducer-replacement-of-dinamic-oil-eh33000sc\/\" aria-label=\"Read more about \u201cTrack Drive Planetary Gear Reducer - Replacement of Dinamic Oil EH33000SC\u201d\" data-quantity=\"1\" data-product_id=\"1389\" data-product_sku=\"\" data-price=\"0\" rel=\"nofollow\" class=\"wp-block-button__link  add_to_cart_button\" data-no-translation=\"\" data-trp-gettext=\"\" data-no-translation-aria-label=\"\">Read more<\/a><\/div>\n\t\t\t<\/li><li class=\"wc-block-grid__product\">\n\t\t\t\t<a href=\"https:\/\/planetarygearreducer.top\/fr\/product\/wheel-drive-planetary-gear-reducer-replacement-of-dinamic-oil-eh240pd\/\" class=\"wc-block-grid__product-link\">\n\t\t\t\t\t\n\t\t\t\t\t<div class=\"wc-block-grid__product-image\"><img loading=\"lazy\" decoding=\"async\" width=\"300\" height=\"300\" src=\"https:\/\/planetarygearreducer.top\/wp-content\/uploads\/2025\/11\/Wheel-Drives-Planetary-Gearbox-1-300x300.webp\" class=\"attachment-woocommerce_thumbnail size-woocommerce_thumbnail\" alt=\"R\u00e9ducteur plan\u00e9taire \u00e0 engrenages pour entra\u00eenement de roue - Remplacement de l&#039;huile Dynamic EH240PD\" \/><\/div>\n\t\t\t\t\t<div class=\"wc-block-grid__product-title\">R\u00e9ducteur plan\u00e9taire \u00e0 engrenages pour entra\u00eenement de roue \u2013 Remplacement de l'huile Dynamic EH240PD<\/div>\n\t\t\t\t<\/a>\n\t\t\t\t<div class=\"wc-block-grid__product-price price\"><\/div>\n\t\t\t\t\n\t\t\t\t<div class=\"wp-block-button wc-block-grid__product-add-to-cart\"><a href=\"https:\/\/planetarygearreducer.top\/fr\/product\/wheel-drive-planetary-gear-reducer-replacement-of-dinamic-oil-eh240pd\/\" aria-label=\"Read more about \u201cWheel Drive Planetary Gear Reducer - Replacement of Dinamic Oil EH240PD\u201d\" data-quantity=\"1\" data-product_id=\"1387\" data-product_sku=\"\" data-price=\"0\" rel=\"nofollow\" class=\"wp-block-button__link  add_to_cart_button\" data-no-translation=\"\" data-trp-gettext=\"\" data-no-translation-aria-label=\"\">Read more<\/a><\/div>\n\t\t\t<\/li><li class=\"wc-block-grid__product\">\n\t\t\t\t<a href=\"https:\/\/planetarygearreducer.top\/fr\/product\/winch-drive-planetary-gearbox-reducer-replacement-of-dinamic-oil-rw612\/\" class=\"wc-block-grid__product-link\">\n\t\t\t\t\t\n\t\t\t\t\t<div class=\"wc-block-grid__product-image\"><img loading=\"lazy\" decoding=\"async\" width=\"300\" height=\"300\" src=\"https:\/\/planetarygearreducer.top\/wp-content\/uploads\/2025\/11\/Planetary-Winch-Drive-Gearbox-300x300.webp\" class=\"attachment-woocommerce_thumbnail size-woocommerce_thumbnail\" alt=\"R\u00e9ducteur plan\u00e9taire pour entra\u00eenement de treuil - Remplacement de l&#039;huile Dynamic RW612\" \/><\/div>\n\t\t\t\t\t<div class=\"wc-block-grid__product-title\">R\u00e9ducteur plan\u00e9taire pour entra\u00eenement de treuil \u2013 Remplacement de l'huile Dynamic RW612<\/div>\n\t\t\t\t<\/a>\n\t\t\t\t<div class=\"wc-block-grid__product-price price\"><\/div>\n\t\t\t\t\n\t\t\t\t<div class=\"wp-block-button wc-block-grid__product-add-to-cart\"><a href=\"https:\/\/planetarygearreducer.top\/fr\/product\/winch-drive-planetary-gearbox-reducer-replacement-of-dinamic-oil-rw612\/\" aria-label=\"Read more about \u201cWinch Drive Planetary Gearbox Reducer - Replacement of Dinamic Oil RW612\u201d\" data-quantity=\"1\" data-product_id=\"1383\" data-product_sku=\"\" data-price=\"0\" rel=\"nofollow\" class=\"wp-block-button__link  add_to_cart_button\" data-no-translation=\"\" data-trp-gettext=\"\" data-no-translation-aria-label=\"\">Read more<\/a><\/div>\n\t\t\t<\/li><\/ul><\/div><\/div>\n<\/div>","protected":false},"excerpt":{"rendered":"","protected":false},"author":1,"featured_media":0,"parent":0,"menu_order":0,"comment_status":"closed","ping_status":"closed","template":"","meta":{"_et_pb_use_builder":"","_et_pb_old_content":"","_et_gb_content_width":""},"class_list":["post-1086","page","type-page","status-publish","hentry"],"_links":{"self":[{"href":"https:\/\/planetarygearreducer.top\/fr\/wp-json\/wp\/v2\/pages\/1086","targetHints":{"allow":["GET"]}}],"collection":[{"href":"https:\/\/planetarygearreducer.top\/fr\/wp-json\/wp\/v2\/pages"}],"about":[{"href":"https:\/\/planetarygearreducer.top\/fr\/wp-json\/wp\/v2\/types\/page"}],"author":[{"embeddable":true,"href":"https:\/\/planetarygearreducer.top\/fr\/wp-json\/wp\/v2\/users\/1"}],"replies":[{"embeddable":true,"href":"https:\/\/planetarygearreducer.top\/fr\/wp-json\/wp\/v2\/comments?post=1086"}],"version-history":[{"count":0,"href":"https:\/\/planetarygearreducer.top\/fr\/wp-json\/wp\/v2\/pages\/1086\/revisions"}],"wp:attachment":[{"href":"https:\/\/planetarygearreducer.top\/fr\/wp-json\/wp\/v2\/media?parent=1086"}],"curies":[{"name":"wp","href":"https:\/\/api.w.org\/{rel}","templated":true}]}}