{"id":6,"date":"2022-05-09T07:03:52","date_gmt":"2022-05-09T07:03:52","guid":{"rendered":"https:\/\/planetarygearreducer.top\/?page_id=6"},"modified":"2022-07-01T09:00:12","modified_gmt":"2022-07-01T09:00:12","slug":"contact-us","status":"publish","type":"page","link":"https:\/\/planetarygearreducer.top\/fr\/contact-us\/","title":{"rendered":"Contactez-nous"},"content":{"rendered":"<h1 class=\"entry-title main_title\">R\u00e9ducteur \u00e0 engrenages plan\u00e9taires<\/h1>\n<div class=\"entry-content\">\n<div class=\"entry-content\">\n<p>En tant que fabricant, fournisseur et exportateur de r\u00e9ducteurs plan\u00e9taires et de produits m\u00e9caniques, nous proposons des r\u00e9ducteurs plan\u00e9taires ainsi que de nombreux autres produits.<\/p>\n<p>Veuillez nous contacter pour plus de d\u00e9tails.<\/p>\n<p><strong>Mail:<a href=\"mailto:sales@planetarygearreducer.top\">ventes@planetarygearreducer.top<\/a><br \/>\n<\/strong><\/p>\n<p>Fabricant, fournisseur et exportateur de r\u00e9ducteurs plan\u00e9taires.<\/p>\n<p>&nbsp;<\/p>\n<div class=\"entry-content\">\n<p>Nous sommes sp\u00e9cialis\u00e9s dans la production de bo\u00eetes de vitesses agricoles, d'arbres de prise de force, de pignons, d'accouplements hydrauliques, de r\u00e9ducteurs \u00e0 vis sans fin, d'engrenages et de cr\u00e9maill\u00e8res, de cha\u00eenes \u00e0 rouleaux, de poulies, de r\u00e9ducteurs plan\u00e9taires, de poulies de distribution, de colliers d'arbre, et bien plus encore.<\/p>\n<p>Nous avons export\u00e9 nos produits \u00e0 des clients du monde entier et avons acquis une excellente r\u00e9putation gr\u00e2ce \u00e0 la qualit\u00e9 sup\u00e9rieure de nos produits et \u00e0 notre service apr\u00e8s-vente.<\/p>\n<p>Nous invitons chaleureusement les clients, tant nationaux qu'\u00e9trangers, \u00e0 nous contacter pour n\u00e9gocier des affaires, \u00e9changer des informations et coop\u00e9rer avec nous.<\/p>\n<\/div>\n<\/div>\n<\/div>","protected":false},"excerpt":{"rendered":"<p>Planetary gear reducer As one of the planetary gear reducer manufacturers, suppliers, and exporters of mechanical products, We offer planetary gear reducer and many other products. Please get in touch with us for details. Mail:sales@planetarygearreducer.top Manufacturer supplier exporter of planetary gear reducer. &nbsp; We specialize in the production of Agricultural Gearbox, PTO Shafts, Sprockets, Fluid [&hellip;]<\/p>","protected":false},"author":1,"featured_media":0,"parent":0,"menu_order":0,"comment_status":"closed","ping_status":"closed","template":"","meta":{"_et_pb_use_builder":"","_et_pb_old_content":"","_et_gb_content_width":""},"class_list":["post-6","page","type-page","status-publish","hentry"],"_links":{"self":[{"href":"https:\/\/planetarygearreducer.top\/fr\/wp-json\/wp\/v2\/pages\/6","targetHints":{"allow":["GET"]}}],"collection":[{"href":"https:\/\/planetarygearreducer.top\/fr\/wp-json\/wp\/v2\/pages"}],"about":[{"href":"https:\/\/planetarygearreducer.top\/fr\/wp-json\/wp\/v2\/types\/page"}],"author":[{"embeddable":true,"href":"https:\/\/planetarygearreducer.top\/fr\/wp-json\/wp\/v2\/users\/1"}],"replies":[{"embeddable":true,"href":"https:\/\/planetarygearreducer.top\/fr\/wp-json\/wp\/v2\/comments?post=6"}],"version-history":[{"count":0,"href":"https:\/\/planetarygearreducer.top\/fr\/wp-json\/wp\/v2\/pages\/6\/revisions"}],"wp:attachment":[{"href":"https:\/\/planetarygearreducer.top\/fr\/wp-json\/wp\/v2\/media?parent=6"}],"curies":[{"name":"wp","href":"https:\/\/api.w.org\/{rel}","templated":true}]}}