{"id":6,"date":"2022-05-09T07:03:52","date_gmt":"2022-05-09T07:03:52","guid":{"rendered":"https:\/\/planetarygearreducer.top\/?page_id=6"},"modified":"2022-07-01T09:00:12","modified_gmt":"2022-07-01T09:00:12","slug":"contact-us","status":"publish","type":"page","link":"https:\/\/planetarygearreducer.top\/pt\/contact-us\/","title":{"rendered":"Contate-nos"},"content":{"rendered":"<h1 class=\"entry-title main_title\">Redutor de engrenagem planet\u00e1ria<\/h1>\n<div class=\"entry-content\">\n<div class=\"entry-content\">\n<p>Como um dos fabricantes, fornecedores e exportadores de redutores planet\u00e1rios e produtos mec\u00e2nicos, oferecemos redutores planet\u00e1rios e muitos outros produtos.<\/p>\n<p>Entre em contato conosco para obter mais detalhes.<\/p>\n<p><strong>Correspond\u00eancia:<a href=\"mailto:sales@planetarygearreducer.top\">vendas@planetarygearreducer.top<\/a><br \/>\n<\/strong><\/p>\n<p>Fabricante, fornecedor e exportador de redutores de engrenagem planet\u00e1ria.<\/p>\n<p>&nbsp;<\/p>\n<div class=\"entry-content\">\n<p>Somos especializados na produ\u00e7\u00e3o de caixas de engrenagens agr\u00edcolas, eixos de tomada de for\u00e7a (TDF), rodas dentadas, acoplamentos hidr\u00e1ulicos, redutores de engrenagem sem-fim, engrenagens e cremalheiras, correntes de rolos, polias, caixas de engrenagens planet\u00e1rias, polias sincronizadoras, an\u00e9is de fixa\u00e7\u00e3o de eixos e muito mais.<\/p>\n<p>Exportamos nossos produtos para clientes em todo o mundo e conquistamos uma boa reputa\u00e7\u00e3o devido \u00e0 qualidade superior de nossos produtos e ao nosso servi\u00e7o p\u00f3s-venda.<\/p>\n<p>Recebemos com prazer clientes nacionais e internacionais para que entrem em contato conosco a fim de negociar neg\u00f3cios, trocar informa\u00e7\u00f5es e cooperar conosco.<\/p>\n<\/div>\n<\/div>\n<\/div>","protected":false},"excerpt":{"rendered":"<p>Planetary gear reducer As one of the planetary gear reducer manufacturers, suppliers, and exporters of mechanical products, We offer planetary gear reducer and many other products. Please get in touch with us for details. Mail:sales@planetarygearreducer.top Manufacturer supplier exporter of planetary gear reducer. &nbsp; We specialize in the production of Agricultural Gearbox, PTO Shafts, Sprockets, Fluid [&hellip;]<\/p>","protected":false},"author":1,"featured_media":0,"parent":0,"menu_order":0,"comment_status":"closed","ping_status":"closed","template":"","meta":{"_et_pb_use_builder":"","_et_pb_old_content":"","_et_gb_content_width":""},"class_list":["post-6","page","type-page","status-publish","hentry"],"_links":{"self":[{"href":"https:\/\/planetarygearreducer.top\/pt\/wp-json\/wp\/v2\/pages\/6","targetHints":{"allow":["GET"]}}],"collection":[{"href":"https:\/\/planetarygearreducer.top\/pt\/wp-json\/wp\/v2\/pages"}],"about":[{"href":"https:\/\/planetarygearreducer.top\/pt\/wp-json\/wp\/v2\/types\/page"}],"author":[{"embeddable":true,"href":"https:\/\/planetarygearreducer.top\/pt\/wp-json\/wp\/v2\/users\/1"}],"replies":[{"embeddable":true,"href":"https:\/\/planetarygearreducer.top\/pt\/wp-json\/wp\/v2\/comments?post=6"}],"version-history":[{"count":0,"href":"https:\/\/planetarygearreducer.top\/pt\/wp-json\/wp\/v2\/pages\/6\/revisions"}],"wp:attachment":[{"href":"https:\/\/planetarygearreducer.top\/pt\/wp-json\/wp\/v2\/media?parent=6"}],"curies":[{"name":"wp","href":"https:\/\/api.w.org\/{rel}","templated":true}]}}