{"id":6,"date":"2022-05-09T07:03:52","date_gmt":"2022-05-09T07:03:52","guid":{"rendered":"https:\/\/planetarygearreducer.top\/?page_id=6"},"modified":"2022-07-01T09:00:12","modified_gmt":"2022-07-01T09:00:12","slug":"contact-us","status":"publish","type":"page","link":"https:\/\/planetarygearreducer.top\/tr\/contact-us\/","title":{"rendered":"Bize Ula\u015f\u0131n"},"content":{"rendered":"<h1 class=\"entry-title main_title\">Planet di\u015fli red\u00fckt\u00f6r\u00fc<\/h1>\n<div class=\"entry-content\">\n<div class=\"entry-content\">\n<p>Planet di\u015fli red\u00fckt\u00f6r \u00fcreticilerinden, tedarik\u00e7ilerinden ve mekanik \u00fcr\u00fcnlerin ihracat\u00e7\u0131lar\u0131ndan biri olarak, planet di\u015fli red\u00fckt\u00f6r\u00fc ve di\u011fer bir\u00e7ok \u00fcr\u00fcn\u00fc sunuyoruz.<\/p>\n<p>Ayr\u0131nt\u0131l\u0131 bilgi i\u00e7in l\u00fctfen bizimle ileti\u015fime ge\u00e7iniz.<\/p>\n<p><strong>Posta:<a href=\"mailto:sales@planetarygearreducer.top\">sat\u0131\u015f@planetarygearreducer.top<\/a><br \/>\n<\/strong><\/p>\n<p>Planet di\u015fli red\u00fckt\u00f6r\u00fc \u00fcreticisi tedarik\u00e7i ihracat\u00e7\u0131s\u0131.<\/p>\n<p>&nbsp;<\/p>\n<div class=\"entry-content\">\n<p>Tar\u0131msal Red\u00fckt\u00f6r, PTO \u015eaftlar\u0131, Zincir Di\u015flileri, S\u0131v\u0131 Kaplinleri, Sonsuz Di\u015fli Red\u00fckt\u00f6rleri, Di\u015fliler ve kremayerler, Silindir Zincirleri, Kasnak ve Kasnaklar, Planet Red\u00fckt\u00f6rler, Zamanlama Kasnaklar\u0131, Mil Yaka ve daha fazlas\u0131n\u0131n \u00fcretiminde uzmanla\u015ft\u0131k.<\/p>\n<p>\u00dcr\u00fcnlerimizi d\u00fcnya \u00e7ap\u0131ndaki m\u00fc\u015fterilerimize ihra\u00e7 ettik ve \u00fcst\u00fcn \u00fcr\u00fcn kalitemiz ve sat\u0131\u015f sonras\u0131 hizmetimiz nedeniyle iyi bir \u00fcne kavu\u015ftuk.<\/p>\n<p>Yurt i\u00e7i ve yurt d\u0131\u015f\u0131ndaki m\u00fc\u015fterilerimizin bizimle i\u015f yapmak, bilgi al\u0131\u015fveri\u015finde bulunmak ve i\u015fbirli\u011fi yapmak i\u00e7in ileti\u015fime ge\u00e7melerini memnuniyetle kar\u015f\u0131l\u0131yoruz.<\/p>\n<\/div>\n<\/div>\n<\/div>","protected":false},"excerpt":{"rendered":"<p>Planetary gear reducer As one of the planetary gear reducer manufacturers, suppliers, and exporters of mechanical products, We offer planetary gear reducer and many other products. Please get in touch with us for details. Mail:sales@planetarygearreducer.top Manufacturer supplier exporter of planetary gear reducer. &nbsp; We specialize in the production of Agricultural Gearbox, PTO Shafts, Sprockets, Fluid [&hellip;]<\/p>","protected":false},"author":1,"featured_media":0,"parent":0,"menu_order":0,"comment_status":"closed","ping_status":"closed","template":"","meta":{"_et_pb_use_builder":"","_et_pb_old_content":"","_et_gb_content_width":""},"class_list":["post-6","page","type-page","status-publish","hentry"],"_links":{"self":[{"href":"https:\/\/planetarygearreducer.top\/tr\/wp-json\/wp\/v2\/pages\/6","targetHints":{"allow":["GET"]}}],"collection":[{"href":"https:\/\/planetarygearreducer.top\/tr\/wp-json\/wp\/v2\/pages"}],"about":[{"href":"https:\/\/planetarygearreducer.top\/tr\/wp-json\/wp\/v2\/types\/page"}],"author":[{"embeddable":true,"href":"https:\/\/planetarygearreducer.top\/tr\/wp-json\/wp\/v2\/users\/1"}],"replies":[{"embeddable":true,"href":"https:\/\/planetarygearreducer.top\/tr\/wp-json\/wp\/v2\/comments?post=6"}],"version-history":[{"count":0,"href":"https:\/\/planetarygearreducer.top\/tr\/wp-json\/wp\/v2\/pages\/6\/revisions"}],"wp:attachment":[{"href":"https:\/\/planetarygearreducer.top\/tr\/wp-json\/wp\/v2\/media?parent=6"}],"curies":[{"name":"wp","href":"https:\/\/api.w.org\/{rel}","templated":true}]}}