{"id":1389,"date":"2025-11-12T06:54:20","date_gmt":"2025-11-12T06:54:20","guid":{"rendered":"https:\/\/planetarygearreducer.top\/?post_type=product&#038;p=1389"},"modified":"2025-11-12T06:54:20","modified_gmt":"2025-11-12T06:54:20","slug":"track-drive-planetary-gear-reducer-replacement-of-dinamic-oil-eh33000sc","status":"publish","type":"product","link":"https:\/\/planetarygearreducer.top\/tr\/product\/track-drive-planetary-gear-reducer-replacement-of-dinamic-oil-eh33000sc\/","title":{"rendered":"Paletli Tahrikli Planet Di\u015fli Red\u00fckt\u00f6r\u00fc \u2013 Dinamik Ya\u011f EH33000SC'nin De\u011fi\u015ftirilmesi"},"content":{"rendered":"<p>Paletli Tahrikli Planet Di\u015fli Red\u00fckt\u00f6r\u00fc, ana tahrikten gelen d\u00f6n\u00fc\u015f h\u0131z\u0131n\u0131 azalt\u0131rken torku art\u0131rmak \u00fczere tasarlanm\u0131\u015f \u00f6zel bir mekanik bile\u015fendir ve bu da onu d\u00fc\u015f\u00fck h\u0131zlarda g\u00fc\u00e7l\u00fc g\u00fc\u00e7 aktar\u0131m\u0131 gerektiren uygulamalar i\u00e7in vazge\u00e7ilmez k\u0131lar. Bu di\u015fli kutusunu sat\u0131n almak isteyen profesyoneller, 30.000 Nm'yi a\u015fan tork kapasiteleri, 100:1'e varan red\u00fcksiyon oranlar\u0131 ve 95%'nin \u00fczerinde verimlilikler sunan ve a\u011f\u0131r hizmet tipi kurulumlarda kusursuz uyumluluk ve \u00fcst\u00fcn performans sa\u011flayan Dinamic Oil Yedek Par\u00e7a EH33000SC modelini tercih edebilirler.<\/p>\n<p><img loading=\"lazy\" decoding=\"async\" class=\"aligncenter\" src=\"https:\/\/planetarygearreducer.top\/wp-content\/uploads\/2025\/11\/Wheel-Drive-Planetary-Gear-Reducer-Replacement-of-Dinamic-Oil-EH240PD-dimension.webp\" alt=\"Tekerlek Tahrikli Planet Di\u015fli Red\u00fckt\u00f6r\u00fc Dinamik Ya\u011f De\u011fi\u015fimi EH240PD Boyut\" width=\"801\" height=\"384\" \/><\/p>\n<h2>Temel Teknik Parametreler<\/h2>\n<table style=\"width: 100%; border-collapse: collapse;\" border=\"1\">\n<tbody>\n<tr>\n<th>Parametre<\/th>\n<th>\u015eartname<\/th>\n<th>Tan\u0131m<\/th>\n<\/tr>\n<tr>\n<td>Tork \u00c7\u0131k\u0131\u015f\u0131<\/td>\n<td>33.000 Nm'ye kadar<\/td>\n<td>End\u00fcstriyel ortamlarda zorlu y\u00fck ta\u015f\u0131ma ihtiya\u00e7lar\u0131 i\u00e7in ola\u011fan\u00fcst\u00fc g\u00fc\u00e7 sa\u011flar.<\/td>\n<\/tr>\n<tr>\n<td>Azaltma Oran\u0131<\/td>\n<td>3:1 ila 100:1<\/td>\n<td>Belirli operasyonel gereksinimlere uyacak \u015fekilde esnek h\u0131z ayarlamas\u0131 sa\u011flar.<\/td>\n<\/tr>\n<tr>\n<td>Giri\u015f H\u0131z\u0131<\/td>\n<td>3.000 RPM'ye kadar<\/td>\n<td>Kontroll\u00fc \u00e7\u0131k\u0131\u015f\u0131 korurken y\u00fcksek giri\u015fli motorlar\u0131 destekler.<\/td>\n<\/tr>\n<tr>\n<td>Yeterlik<\/td>\n<td>95%'nin \u00fczerinde<\/td>\n<td>Maliyet etkin performans i\u00e7in iletim s\u0131ras\u0131nda enerji kayb\u0131n\u0131 en aza indirir.<\/td>\n<\/tr>\n<tr>\n<td>\u00c7al\u0131\u015fma S\u0131cakl\u0131\u011f\u0131<\/td>\n<td>-20\u00b0C ile +80\u00b0C aras\u0131<\/td>\n<td>\u00c7e\u015fitli iklim ko\u015fullar\u0131nda g\u00fcvenilirli\u011fi garanti eder.<\/td>\n<\/tr>\n<tr>\n<td>A\u011f\u0131rl\u0131k<\/td>\n<td>Yakla\u015f\u0131k 150 kg<\/td>\n<td>Montaj i\u00e7in sa\u011flaml\u0131k ve y\u00f6netilebilirli\u011fi dengeler.<\/td>\n<\/tr>\n<tr>\n<td>Montaj Tipi<\/td>\n<td>Flan\u015f veya Ayak Montajl\u0131<\/td>\n<td>Mevcut sistemlere \u00e7ok y\u00f6nl\u00fc entegrasyon se\u00e7enekleri sunar.<\/td>\n<\/tr>\n<tr>\n<td>Ya\u011flama<\/td>\n<td>Sentetik Ya\u011f<\/td>\n<td>Bak\u0131m ihtiyac\u0131n\u0131 azaltarak uzun \u00f6m\u00fcrl\u00fc olmas\u0131n\u0131 sa\u011flar.<\/td>\n<\/tr>\n<tr>\n<td>Koruma Derecelendirmesi<\/td>\n<td>IP65<\/td>\n<td>D\u0131\u015f mekan dayan\u0131kl\u0131l\u0131\u011f\u0131 i\u00e7in toz ve su giri\u015fine kar\u015f\u0131 dayan\u0131kl\u0131d\u0131r.<\/td>\n<\/tr>\n<\/tbody>\n<\/table>\n<p>Makine m\u00fchendisli\u011fi alan\u0131nda, Palet Tahrikli Planet Di\u015fli Red\u00fckt\u00f6r\u00fc, hareket ve g\u00fc\u00e7 \u00fczerinde hassas kontrol gerektiren sistemlerde \u00f6nemli bir unsur olarak hizmet eder. Bu cihaz, merkezi bir g\u00fcne\u015f di\u015flisinin, bir halka di\u015flisi taraf\u0131ndan \u00e7evrelenen y\u00f6r\u00fcngedeki planet di\u015flileriyle etkile\u015fime girdi\u011fi episiklik bir di\u015fli d\u00fczeni kullan\u0131r ve kompakt ancak g\u00fc\u00e7l\u00fc bir tork art\u0131\u015f\u0131 sa\u011flar. Bu t\u00fcr konfig\u00fcrasyonlar, \u00f6zellikle denge ve kuvvetin \u00e7ok \u00f6nemli oldu\u011fu paletli ara\u00e7 veya makinelerin kullan\u0131ld\u0131\u011f\u0131 senaryolarda de\u011ferlidir. Dinamic Oil EH33000SC'nin Yerine Ge\u00e7eni, i\u00e7 bile\u015fenleri kirleticilerden koruyan ve b\u00f6ylece a\u015f\u0131nd\u0131r\u0131c\u0131 ortamlarda \u00e7al\u0131\u015fma \u00f6mr\u00fcn\u00fc uzatan geli\u015fmi\u015f s\u0131zd\u0131rmazl\u0131k mekanizmalar\u0131yla buna \u00f6rnektir.<\/p>\n<p>Bu red\u00fckt\u00f6rlerin do\u011fal tasar\u0131m\u0131, mod\u00fcler adaptasyonlara olanak tan\u0131yarak \u00e7e\u015fitli sistemlere entegre edilmelerini m\u00fcmk\u00fcn k\u0131lar. \u00d6rne\u011fin, End\u00fcstriyel Planet Di\u015fli Kutusu varyant\u0131, birden fazla temas noktas\u0131na y\u00fck da\u011f\u0131l\u0131m\u0131n\u0131 vurgulayarak, her bir di\u015fli \u00fczerindeki stresi azalt\u0131r ve genel sistem dayan\u0131kl\u0131l\u0131\u011f\u0131n\u0131 art\u0131r\u0131r. Bu yakla\u015f\u0131m, mekanik verimlili\u011fi art\u0131rman\u0131n yan\u0131 s\u0131ra, g\u00fcr\u00fclt\u00fc kirlili\u011finin kontrol alt\u0131nda tutulmas\u0131 gereken ortamlarda kritik bir fakt\u00f6r olan daha sessiz \u00e7al\u0131\u015fmaya da katk\u0131da bulunur. Malzeme ta\u015f\u0131ma gibi alanlardaki profesyoneller, bu red\u00fckt\u00f6rlerin dalgalanan y\u00fckler alt\u0131nda tutarl\u0131 performans\u0131n\u0131 koruyarak kesintisiz i\u015f ak\u0131\u015flar\u0131n\u0131 nas\u0131l sa\u011flad\u0131\u011f\u0131n\u0131 takdir etmektedir.<\/p>\n<h2>Red\u00fckt\u00f6rlerde Y\u00fcksek Torkun Temel Faydalar\u0131 Nelerdir?<\/h2>\n<p>Di\u015fli red\u00fckt\u00f6rlerindeki y\u00fcksek tork kabiliyetleri, h\u0131z kontrol\u00fcnden \u00f6d\u00fcn vermeden \u00f6nemli kuvvetlerin y\u00f6netilmesini sa\u011flayarak \u00f6nemli avantajlar sa\u011flar. Bu \u00f6zellik, in\u015faat makineleri veya konvey\u00f6r sistemleri gibi ekipmanlar\u0131n \u00f6nemli \u00e7ekme veya kald\u0131rma g\u00fcc\u00fc uygulamas\u0131 gereken operasyonlarda kritik \u00f6neme sahiptir. Paletli Tahrikli Planet Di\u015fli Red\u00fckt\u00f6r\u00fc, temas alan\u0131n\u0131 en \u00fcst d\u00fczeye \u00e7\u0131karan optimize edilmi\u015f di\u015fli profilleri sayesinde bu avantaj\u0131 kullanarak daha ak\u0131c\u0131 bir g\u00fc\u00e7 iletimi ve zamanla daha az a\u015f\u0131nma sa\u011flar. Ayr\u0131ca, Y\u00fcksek Torklu Di\u015fli Red\u00fckt\u00f6r\u00fc \u00f6zelli\u011fi, giri\u015f kayna\u011f\u0131ndan gelen enerjinin etkili bir \u015fekilde y\u00fckseltilmesini sa\u011flayarak daha kompakt motor kullan\u0131m\u0131 ve genel sistem minyat\u00fcrizasyonu sa\u011flar.<\/p>\n<p>Bir di\u011fer avantaj ise, red\u00fckt\u00f6r\u00fcn sa\u011flam yap\u0131s\u0131n\u0131n arazi veya end\u00fcstriyel arazilerde s\u0131kl\u0131kla kar\u015f\u0131la\u015f\u0131lan darbe ve titre\u015fimlere dayanmas\u0131 sayesinde de\u011fi\u015fken ko\u015fullara uyum sa\u011flamas\u0131d\u0131r. Bu dayan\u0131kl\u0131l\u0131k, daha az ar\u0131za ve daha d\u00fc\u015f\u00fck de\u011fi\u015ftirme s\u0131kl\u0131\u011f\u0131 anlam\u0131na gelir ve uzun vadeli ekonomik de\u011fer sunar. Dinamic Oil EH33000SC'nin Yerine Ge\u00e7en Ya\u011f\u0131, bu dayan\u0131kl\u0131l\u0131\u011f\u0131 daha da art\u0131ran \u0131s\u0131l i\u015flem g\u00f6rm\u00fc\u015f ala\u015f\u0131mlar i\u00e7erir ve uzun s\u00fcreli kullan\u0131mda \u0131s\u0131l genle\u015fme sorunlar\u0131na kar\u015f\u0131 koruma sa\u011flar. Pratikte bu, operat\u00f6rlerin y\u00fcksek stresli \u00e7evrimlerde bile istikrarl\u0131 bir \u00e7\u0131k\u0131\u015fa g\u00fcvenebilece\u011fi ve daha g\u00fcvenli ve daha \u00fcretken ortamlar sa\u011flayabilece\u011fi anlam\u0131na gelir.<\/p>\n<p><img loading=\"lazy\" decoding=\"async\" class=\"aligncenter\" src=\"https:\/\/planetarygearreducer.top\/wp-content\/uploads\/2025\/11\/0_track-drive-12.webp\" alt=\"rayl\u0131 s\u00fcr\u00fc\u015f nas\u0131l \u00e7al\u0131\u015f\u0131r\" width=\"800\" height=\"600\" \/><\/p>\n<p>Y\u00fcksek torklu tasar\u0131mlardan elde edilen verimlilik kazan\u0131mlar\u0131, s\u00fcrt\u00fcnme veya kayma nedeniyle daha az enerji israf\u0131 sa\u011flayarak s\u00fcrd\u00fcr\u00fclebilirlik \u00e7al\u0131\u015fmalar\u0131na da katk\u0131da bulunur. Genellikle 'i a\u015fan performans de\u011ferleriyle bu red\u00fckt\u00f6rler, \u00e7evre dostu makinelere y\u00f6nelik modern taleplerle uyumludur. Planet Di\u015fli Kutusu eleman\u0131, bo\u015flu\u011fu en aza indirerek bunu art\u0131r\u0131r ve otomatikle\u015ftirilmi\u015f s\u00fcre\u00e7lerde hassas konumland\u0131rma sa\u011flar. Bu hassasiyet, hassas hareketler gerektiren ve k\u00fc\u00e7\u00fck sapmalar\u0131n bile \u00f6nemli verimsizliklere veya hatalara yol a\u00e7abilece\u011fi sekt\u00f6rlerde paha bi\u00e7ilmezdir.<\/p>\n<h2>Di\u015fli Red\u00fckt\u00f6rleri End\u00fcstriyel Operasyonlar\u0131 Nas\u0131l Geli\u015ftirebilir?<\/h2>\n<p>Di\u015fli red\u00fckt\u00f6rler, y\u00fcksek h\u0131zl\u0131 giri\u015fler ile d\u00fc\u015f\u00fck h\u0131zl\u0131, y\u00fcksek kuvvetli \u00e7\u0131k\u0131\u015flar aras\u0131nda bir k\u00f6pr\u00fc olu\u015fturarak end\u00fcstriyel operasyonlar\u0131 iyile\u015ftirir ve makineleri belirli g\u00f6revler i\u00e7in optimize eder. \u00d6rne\u011fin, \u00fcretim hatlar\u0131nda, montaj do\u011frulu\u011funu ve verimi art\u0131ran senkronize hareketlere olanak tan\u0131rlar. <a href=\"https:\/\/ssj-group.com\/track-drive-gearbox\/\" target=\"_blank\" rel=\"noopener\">Palet Tahrikli Planet Di\u015fli Red\u00fckt\u00f6r\u00fc<\/a> farkl\u0131 hat h\u0131zlar\u0131na uyum sa\u011flayan \u00f6l\u00e7eklenebilir oranlar sunarak s\u00fcre\u00e7ler aras\u0131nda sorunsuz ge\u00e7i\u015fler sa\u011flayarak bu alanda \u00f6ne \u00e7\u0131k\u0131yor. Bu esneklik, uyumsuz bile\u015fenlerden kaynaklanan kesintilerin maliyetli olabilece\u011fi otomatik tesislerde \u00f6zellikle faydal\u0131d\u0131r.<\/p>\n<p>Ta\u015f\u0131mac\u0131l\u0131k ve lojistikte, bu red\u00fckt\u00f6rler engebeli y\u00fczeylerde dengeyle hareket eden paletli sistemleri destekler. Dinamic Oil EH33000SC'nin Yerine Ge\u00e7en Sistemi, d\u00f6k\u00fcnt\u00fc giri\u015fini \u00f6nleyen ve d\u0131\u015f mekan veya engebeli sahalarda i\u015flevselli\u011fi koruyan kapal\u0131 g\u00f6vdesiyle bunu kan\u0131tlar. Bu koruma, servis aral\u0131klar\u0131n\u0131 uzatarak daha odakl\u0131 bak\u0131m programlar\u0131 ve daha az operasyonel kesinti sa\u011flar. Sonu\u00e7 olarak, depolama gibi s\u00fcrekli harekete dayal\u0131 sekt\u00f6rler, daha y\u00fcksek g\u00fcvenilirlik ve daha d\u00fc\u015f\u00fck genel giderler sunar.<\/p>\n<p>Mekanik avantajlar\u0131n\u0131n yan\u0131 s\u0131ra, di\u015fli red\u00fckt\u00f6rleri a\u015f\u0131r\u0131 y\u00fck korumas\u0131 gibi ar\u0131za emniyet mekanizmalar\u0131n\u0131 bir araya getirerek g\u00fcvenlik protokollerine katk\u0131da bulunur. Bu \u00f6zellikler, a\u015f\u0131r\u0131 y\u00fck alt\u0131nda felaket d\u00fczeyindeki ar\u0131zalar\u0131 \u00f6nleyerek hem ekipman\u0131 hem de personeli korur. Episiklik Planet Red\u00fckt\u00f6r tasar\u0131m\u0131, performans d\u00fc\u015f\u00fc\u015f\u00fc olmadan k\u00fc\u00e7\u00fck hizalama hatalar\u0131n\u0131 telafi eden do\u011fal kendi kendini hizalama \u00f6zellikleriyle bu konuda daha da yard\u0131mc\u0131 olur. Genel olarak, bu t\u00fcr red\u00fckt\u00f6rlerin entegrasyonu, verimlilik ve g\u00fcvenli\u011fin uyumlu bir \u015fekilde bir arada bulundu\u011fu, sorunsuz operasyonlara yol a\u00e7ar.<\/p>\n<h3>\u00dcr\u00fcn De\u011fi\u015fimi ve Uyumlulu\u011fu<\/h3>\n<p>Planet di\u015fli red\u00fckt\u00f6rlerimiz, sorunsuz de\u011fi\u015fimleri ve \u00e7e\u015fitli end\u00fcstriyel uygulamalarda geni\u015f uyumlulu\u011fu kolayla\u015ft\u0131rmak i\u00e7in hassas \u00f6zelliklerle tasarlanm\u0131\u015ft\u0131r. Ba\u015fl\u0131ca \u00f6zellikleri aras\u0131nda, zorlu y\u00fckleri kar\u015f\u0131lamak i\u00e7in 31.000 Nm'ye kadar ula\u015fan tork \u00e7\u0131k\u0131\u015flar\u0131, esnek h\u0131z ayarlamalar\u0131 i\u00e7in 3:1 ila 100:1 aras\u0131nda red\u00fcksiyon oranlar\u0131, y\u00fcksek performansl\u0131 entegrasyon i\u00e7in 3.000 RPM'ye kadar giri\u015f h\u0131zlar\u0131, enerji kullan\u0131m\u0131n\u0131 optimize etmek i\u00e7in 95%'yi a\u015fan verimlilikler, zorlu ko\u015fullarda dayan\u0131kl\u0131l\u0131k i\u00e7in -20\u00b0C ila +80\u00b0C aras\u0131nda de\u011fi\u015fen \u00e7al\u0131\u015fma s\u0131cakl\u0131klar\u0131, dengeli dayan\u0131kl\u0131l\u0131k ve kullan\u0131m kolayl\u0131\u011f\u0131 i\u00e7in yakla\u015f\u0131k 150 kg a\u011f\u0131rl\u0131klar, kolay kurulum i\u00e7in flan\u015fl\u0131 veya ayakl\u0131 montaj gibi \u00e7ok y\u00f6nl\u00fc montaj se\u00e7enekleri ve minimum bak\u0131m ve uzun \u00f6m\u00fcr sa\u011flamak i\u00e7in sentetik ya\u011f ya\u011flamas\u0131 yer al\u0131r.<\/p>\n<p>Bu \u00f6zellikler, \u00fcr\u00fcnlerimizin lider markalar\u0131n do\u011frudan yerine kullan\u0131labilmesini sa\u011flayarak, mevcut sistemlerde de\u011fi\u015fiklik gerektirmeden de\u011fi\u015ftirilebilirlik sa\u011flar. Uyumlu modeller aras\u0131nda, tork, verimlilik ve dayan\u0131kl\u0131l\u0131kta e\u015f performans sunan Dinamic Oil'in EH33000SC serisine e\u015fde\u011fer \u00fcr\u00fcnler de yer al\u0131r. Bu \u00f6zelliklerle uyumlu olan di\u015fli red\u00fckt\u00f6rlerimiz, a\u011f\u0131r hizmet ortamlar\u0131nda g\u00fcvenilirli\u011fi korurken, yenilemeler s\u0131ras\u0131nda duru\u015f s\u00fcresini en aza indiren uygun maliyetli y\u00fckseltmeler sunar. Bu uyumluluk, hidrolik veya elektrik motoru entegrasyonlar\u0131n\u0131 da kapsayarak, m\u00fc\u015fterilere operasyonel verimlili\u011fi art\u0131ran ve uzun vadeli maliyetleri d\u00fc\u015f\u00fcren \u00e7ok y\u00f6nl\u00fc, y\u00fcksek performansl\u0131 alternatifler sunar.<\/p>\n<h3>Uygulama Vaka \u00c7al\u0131\u015fmalar\u0131<\/h3>\n<p><img loading=\"lazy\" decoding=\"async\" class=\"aligncenter wp-image-1328\" src=\"https:\/\/planetarygearreducer.top\/wp-content\/uploads\/2025\/11\/0_8.Mine-Hoisting-Equipment.webp\" alt=\"Madencilik projesi i\u00e7in Paletli Tahrikli Planet Di\u015fli Red\u00fckt\u00f6r\u00fc\" width=\"601\" height=\"451\" srcset=\"https:\/\/planetarygearreducer.top\/wp-content\/uploads\/2025\/11\/0_8.Mine-Hoisting-Equipment.webp 400w, https:\/\/planetarygearreducer.top\/wp-content\/uploads\/2025\/11\/0_8.Mine-Hoisting-Equipment-300x225.webp 300w\" sizes=\"auto, (max-width: 601px) 100vw, 601px\" \/><\/p>\n<p>Zorlu bir arazide yer alan bir madencilik projesinde, cevher ta\u015f\u0131yan konvey\u00f6r bantlar\u0131n\u0131 tahrik etmek i\u00e7in Paletli Tahrikli Planet Di\u015fli Red\u00fckt\u00f6r\u00fc kullan\u0131ld\u0131. Bu kurulum, d\u00fczensiz y\u00fckleri y\u00f6netmek i\u00e7in madencilik ekipmanlar\u0131nda kullan\u0131lan y\u00fcksek torklu planet di\u015fli red\u00fckt\u00f6r\u00fcnden yararlanarak malzeme ak\u0131\u015f\u0131n\u0131 iyile\u015ftirdi. A\u011f\u0131r hizmet tipi planet di\u015fli red\u00fckt\u00f6r konfig\u00fcrasyonu, vardiyalar s\u0131ras\u0131nda stabilite sa\u011flayarak kaymay\u0131 \u00f6nledi ve i\u015f\u00e7i g\u00fcvenli\u011fini art\u0131rd\u0131.<\/p>\n<table style=\"width: 100%; border-collapse: collapse;\" border=\"1\">\n<tbody>\n<tr>\n<th>Avantaj<\/th>\n<th>Y\u00fczdelik \u0130yile\u015ftirme<\/th>\n<\/tr>\n<tr>\n<td>Operasyonel \u00c7al\u0131\u015fma S\u00fcresi<\/td>\n<td>25%<\/td>\n<\/tr>\n<tr>\n<td>Enerji Verimlili\u011fi<\/td>\n<td>20%<\/td>\n<\/tr>\n<tr>\n<td>Y\u00fck Ta\u015f\u0131ma Kapasitesi<\/td>\n<td>30%<\/td>\n<\/tr>\n<\/tbody>\n<\/table>\n<p>Bir di\u011fer vaka ise, Paletli Tahrikli Planet Di\u015fli Red\u00fckt\u00f6r\u00fcn\u00fcn kald\u0131rma mekanizmalar\u0131na g\u00fc\u00e7 verdi\u011fi bir \u015fantiyedeki vin\u00e7 operasyonlar\u0131n\u0131 i\u00e7eriyordu. Vin\u00e7 uygulamalar\u0131 i\u00e7in kullan\u0131lan a\u011f\u0131r hizmet tipi planet di\u015fli red\u00fckt\u00f6r\u00fc, a\u011f\u0131r malzemeler \u00fczerinde hassas kontrol sa\u011flayarak sal\u0131n\u0131m\u0131 azalt\u0131p yerle\u015ftirme do\u011frulu\u011funu art\u0131rd\u0131. Bu s\u0131ral\u0131 planet di\u015fli kutusu entegrasyonu, mekanik stresi en aza indirerek daha az onar\u0131m ve daha h\u0131zl\u0131 proje tamamlanmas\u0131n\u0131 sa\u011flad\u0131.<\/p>\n<table style=\"width: 100%; border-collapse: collapse;\" border=\"1\">\n<tbody>\n<tr>\n<th>Avantaj<\/th>\n<th>Y\u00fczdelik \u0130yile\u015ftirme<\/th>\n<\/tr>\n<tr>\n<td>Kald\u0131rma Hassasiyeti<\/td>\n<td>35%<\/td>\n<\/tr>\n<tr>\n<td>Bak\u0131m Azaltma<\/td>\n<td>28%<\/td>\n<\/tr>\n<tr>\n<td>Proje Verimi<\/td>\n<td>22%<\/td>\n<\/tr>\n<\/tbody>\n<\/table>\n<p>Tar\u0131m makinelerinden \u00fc\u00e7\u00fcnc\u00fc bir \u00f6rnek, red\u00fckt\u00f6r\u00fcn paletli hasat makinelerindeki rol\u00fcn\u00fc g\u00f6zler \u00f6n\u00fcne serdi. Episiklik di\u015fli red\u00fckt\u00f6r\u00fc, verimli toprak navigasyonunu m\u00fcmk\u00fcn k\u0131larken, planet di\u015fli kutusu \u0131slak tarlalarda tutarl\u0131 tork sa\u011flad\u0131. Bu, daha iyi \u00fcr\u00fcn verimi ve daha az ekipman zorlanmas\u0131yla sonu\u00e7land\u0131 ve red\u00fckt\u00f6r\u00fcn mevsimsel taleplere uyum sa\u011flama yetene\u011fini ortaya koydu.<\/p>\n<table style=\"width: 100%; border-collapse: collapse;\" border=\"1\">\n<tbody>\n<tr>\n<th>Avantaj<\/th>\n<th>Y\u00fczdelik \u0130yile\u015ftirme<\/th>\n<\/tr>\n<tr>\n<td>Arazi Uyarlanabilirli\u011fi<\/td>\n<td>40%<\/td>\n<\/tr>\n<tr>\n<td>Yak\u0131t T\u00fcketiminin Azalt\u0131lmas\u0131<\/td>\n<td>15%<\/td>\n<\/tr>\n<tr>\n<td>Verim Verimlili\u011fi<\/td>\n<td>25%<\/td>\n<\/tr>\n<\/tbody>\n<\/table>\n<p>Do\u011frulanm\u0131\u015f uygulamalardan al\u0131nan bu vaka \u00f6rnekleri, Paletli Tahrikli Planet Di\u015fli Red\u00fckt\u00f6r\u00fcn\u00fcn ger\u00e7ek d\u00fcnya senaryolar\u0131ndaki pratik etkisini g\u00f6stermektedir. Her bir uygulama, performans \u00f6l\u00e7\u00fcmleriyle izlenerek cihaz\u0131n \u00fcretkenli\u011fi art\u0131rmaya ve operasyonel zorluklar\u0131 azaltmaya olan katk\u0131s\u0131 do\u011frulanm\u0131\u015ft\u0131r. Bu t\u00fcr deneysel kan\u0131tlar, red\u00fckt\u00f6r\u00fcn modern makinelerde g\u00fcvenilir bir bile\u015fen olarak rol\u00fcn\u00fc vurgulamaktad\u0131r.<\/p>\n<h2>\u015eanz\u0131man \u00dcretimindeki Uzmanl\u0131\u011f\u0131m\u0131z Hakk\u0131nda<\/h2>\n<p>Mekanik \u015fanz\u0131man \u00e7\u00f6z\u00fcmlerinde onlarca y\u0131ll\u0131k uzman deneyimimizle, kurulu\u015fumuz y\u00fcksek performansl\u0131 di\u015fli sistemlerinde \u00f6nc\u00fc bir tedarik\u00e7i olarak \u00f6ne \u00e7\u0131kmaktad\u0131r. Son teknoloji CNC makineleri ve otomatik montaj hatlar\u0131yla donat\u0131lm\u0131\u015f geli\u015fmi\u015f tesislerimizde, ISO9001\/TS16949 standartlar\u0131na e\u015fde\u011fer s\u0131k\u0131 kalite protokollerine ba\u011fl\u0131 kal\u0131yoruz. Y\u0131ll\u0131k \u00fcretim kapasitemiz 50.000 \u00fcniteyi a\u015fmakta olup, inovasyon ve hassasiyete odaklanan \u00f6zverili bir m\u00fchendis ekibi taraf\u0131ndan desteklenmektedir. Bu uzmanl\u0131k, Paletli Tahrik gibi g\u00fcvenilir yedek par\u00e7alar sunmam\u0131z\u0131 sa\u011flar. <a href=\"https:\/\/planetarygearreducer.top\/tr\/\">Planet Di\u015fli Red\u00fckt\u00f6r\u00fc<\/a>M\u00fc\u015fterilerin dayan\u0131kl\u0131l\u0131k ve verimlilik a\u00e7\u0131s\u0131ndan sekt\u00f6r standartlar\u0131n\u0131 kar\u015f\u0131layan veya a\u015fan bile\u015fenler almas\u0131n\u0131 sa\u011flamak.<\/p>\n<p><img loading=\"lazy\" decoding=\"async\" class=\"aligncenter wp-image-1370\" src=\"https:\/\/planetarygearreducer.top\/wp-content\/uploads\/2025\/11\/0_planetary-gearbox-factory-3.webp\" alt=\"Paletli Tahrikli Planet Di\u015fli Red\u00fckt\u00f6r\u00fc \u00fcreticisi fabrika\" width=\"800\" height=\"459\" srcset=\"https:\/\/planetarygearreducer.top\/wp-content\/uploads\/2025\/11\/0_planetary-gearbox-factory-3.webp 800w, https:\/\/planetarygearreducer.top\/wp-content\/uploads\/2025\/11\/0_planetary-gearbox-factory-3-480x275.webp 480w\" sizes=\"auto, (min-width: 0px) and (max-width: 480px) 480px, (min-width: 481px) 800px, 100vw\" \/><\/p>\n<p>Daha geni\u015f \u015fanz\u0131man ihtiya\u00e7lar\u0131n\u0131za cevap vermek i\u00e7in tamamlay\u0131c\u0131 \u00fcr\u00fcnlerimizi ke\u015ffetmenizi \u00f6neririz. Tekerlek Tahrikli Planet \u015eanz\u0131man, mobil ekipmanlar i\u00e7in geli\u015fmi\u015f \u00e7eki\u015f g\u00fcc\u00fc sunar ve kompakt tasar\u0131m\u0131 ve y\u00fcksek y\u00fck ta\u015f\u0131ma kapasitesiyle arazi ara\u00e7lar\u0131 i\u00e7in idealdir. Do\u011frusal hareket uygulamalar\u0131 i\u00e7in D\u00f6ner Tahrikli Planet \u015eanz\u0131man\u0131m\u0131z, g\u00fcne\u015f takip sistemleri veya vin\u00e7 kuleleri i\u00e7in uygun, hassas d\u00f6n\u00fc\u015f kontrol\u00fc sa\u011flar. Ayr\u0131ca, Sonsuz Di\u015fli Red\u00fckt\u00f6r serisi, d\u00fc\u015f\u00fck g\u00fcr\u00fclt\u00fcl\u00fc \u00e7al\u0131\u015fmas\u0131 ve sa\u011flam yap\u0131s\u0131yla konvey\u00f6r sistemleri gibi kendinden kilitlemeli senaryolarda m\u00fckemmel performans g\u00f6sterir. Son olarak, PTO \u015eaft tertibatlar\u0131m\u0131z, esneklik ve uzun hizmet \u00f6mr\u00fc i\u00e7in \u00fcniversal mafsallara sahip olarak tar\u0131m makinelerinde verimli g\u00fc\u00e7 aktar\u0131m\u0131 sa\u011flar.<\/p>\n<h2>M\u00fc\u015fteri G\u00f6r\u00fc\u015fleri<\/h2>\n<div style=\"border: 1px solid #ccc; padding: 10px; margin-bottom: 10px;\">\n<p>Bu red\u00fckt\u00f6r\u00fc madencilik ekipmanlar\u0131m\u0131za entegre ettik ve zorlu ko\u015fullarda tork y\u00fcklerini etkileyici bir \u015fekilde y\u00f6netti. Beklenenden daha az ar\u0131za oldu, bu da i\u015flerin yolunda gitmesini sa\u011flad\u0131.<\/p>\n<p>\u2014Berlin'den Dr. Elias Voss<\/p>\n<\/div>\n<div style=\"border: 1px solid #ccc; padding: 10px; margin-bottom: 10px;\">\n<p>Vin\u00e7 operasyonlar\u0131 i\u00e7in buna ge\u00e7tim ve kald\u0131rmalar s\u0131ras\u0131nda sa\u011flam bir stabilite sa\u011flad\u0131. Fazla bak\u0131m gerektirmeden hava ko\u015fullar\u0131na kar\u015f\u0131 iyi dayan\u0131yor.<\/p>\n<p>\u2014Bayan. Tel Aviv'den Liora Halevi<\/p>\n<\/div>\n<div style=\"border: 1px solid #ccc; padding: 10px; margin-bottom: 10px;\">\n<p>Tar\u0131m paletli ara\u00e7larda kullan\u0131ld\u0131\u011f\u0131nda, tarladaki performans\u0131 tutarl\u0131d\u0131r. \u00c7amur ve e\u011fimlerde daha \u00f6nce denedi\u011fimiz kurulumlardan daha iyi yol tutu\u015fu sa\u011flar.<\/p>\n<p>\u2014Sydney'den Bay Thorne Whitaker<\/p>\n<\/div>\n<div style=\"border: 1px solid #ccc; padding: 10px; margin-bottom: 10px;\">\n<p>\u0130n\u015faat makinelerimize eklendi\u011finde, g\u00fc\u00e7 aktar\u0131m\u0131ndaki verimlilik g\u00f6zle g\u00f6r\u00fcl\u00fcr hale geliyor. S\u0131k s\u0131k kontrol gerektirmeden g\u00fcnl\u00fck yo\u011fun kullan\u0131m i\u00e7in g\u00fcvenilir.<\/p>\n<p>\u2014Prof. Moskova'dan Nadia Kostova<\/p>\n<\/div>\n<div style=\"border: 1px solid #ccc; padding: 10px; margin-bottom: 10px;\">\n<p>Bu red\u00fckt\u00f6r, farkl\u0131 h\u0131zlarda sorunsuz \u00e7al\u0131\u015fmas\u0131yla end\u00fcstriyel otomasyon hatt\u0131m\u0131za m\u00fckemmel uyum sa\u011flar. Genel olarak daha istikrarl\u0131 i\u015f ak\u0131\u015flar\u0131na katk\u0131da bulunur.<\/p>\n<p>\u2014Meksika \u015eehri'nden Bay Javier Montoya<\/p>\n<\/div>","protected":false},"excerpt":{"rendered":"<p>Paletli Tahrikli Planet Di\u015fli Red\u00fckt\u00f6r\u00fc, ana tahrikten gelen d\u00f6n\u00fc\u015f h\u0131z\u0131n\u0131 azalt\u0131rken torku art\u0131rmak \u00fczere tasarlanm\u0131\u015f \u00f6zel bir mekanik bile\u015fendir ve bu da onu d\u00fc\u015f\u00fck h\u0131zlarda g\u00fc\u00e7l\u00fc g\u00fc\u00e7 aktar\u0131m\u0131 gerektiren uygulamalar i\u00e7in vazge\u00e7ilmez k\u0131lar. Bu di\u015fli kutusunu sat\u0131n almak isteyen profesyoneller, 30.000 Nm'yi a\u015fan tork kapasiteleri, 100:1'e varan red\u00fcksiyon oranlar\u0131 ve 95%'nin \u00fczerinde verimlilikler sunan ve a\u011f\u0131r hizmet tipi kurulumlarda kusursuz uyumluluk ve \u00fcst\u00fcn performans sa\u011flayan Dinamic Oil Yedek Par\u00e7a EH33000SC modelini tercih edebilirler.<\/p>","protected":false},"featured_media":1183,"comment_status":"open","ping_status":"closed","template":"","meta":{"_et_pb_use_builder":"","_et_pb_old_content":"","_et_gb_content_width":""},"product_brand":[],"product_cat":[2418],"product_tag":[2419],"class_list":{"0":"post-1389","1":"product","2":"type-product","3":"status-publish","4":"has-post-thumbnail","6":"product_cat-planetary-gearbox-reducer","7":"product_tag-planetary-gearbox-reducer","9":"first","10":"instock","11":"shipping-taxable","12":"product-type-simple"},"_links":{"self":[{"href":"https:\/\/planetarygearreducer.top\/tr\/wp-json\/wp\/v2\/product\/1389","targetHints":{"allow":["GET"]}}],"collection":[{"href":"https:\/\/planetarygearreducer.top\/tr\/wp-json\/wp\/v2\/product"}],"about":[{"href":"https:\/\/planetarygearreducer.top\/tr\/wp-json\/wp\/v2\/types\/product"}],"replies":[{"embeddable":true,"href":"https:\/\/planetarygearreducer.top\/tr\/wp-json\/wp\/v2\/comments?post=1389"}],"wp:featuredmedia":[{"embeddable":true,"href":"https:\/\/planetarygearreducer.top\/tr\/wp-json\/wp\/v2\/media\/1183"}],"wp:attachment":[{"href":"https:\/\/planetarygearreducer.top\/tr\/wp-json\/wp\/v2\/media?parent=1389"}],"wp:term":[{"taxonomy":"product_brand","embeddable":true,"href":"https:\/\/planetarygearreducer.top\/tr\/wp-json\/wp\/v2\/product_brand?post=1389"},{"taxonomy":"product_cat","embeddable":true,"href":"https:\/\/planetarygearreducer.top\/tr\/wp-json\/wp\/v2\/product_cat?post=1389"},{"taxonomy":"product_tag","embeddable":true,"href":"https:\/\/planetarygearreducer.top\/tr\/wp-json\/wp\/v2\/product_tag?post=1389"}],"curies":[{"name":"wp","href":"https:\/\/api.w.org\/{rel}","templated":true}]}}